{"id":1688,"date":"2022-09-10T15:40:09","date_gmt":"2022-09-10T15:40:09","guid":{"rendered":"https:\/\/ciri.la-studioweb.com\/?page_id=1688"},"modified":"2024-07-15T14:36:20","modified_gmt":"2024-07-15T17:36:20","slug":"vantagens","status":"publish","type":"page","link":"https:\/\/altalinhamoveis.com.br\/new\/vantagens\/","title":{"rendered":"Vantagens"},"content":{"rendered":"\t\t<div data-elementor-type=\"wp-page\" data-elementor-id=\"1688\" class=\"elementor elementor-1688\" data-elementor-post-type=\"page\">\n\t\t\t\t<div class=\"elementor-element elementor-element-4f8a8e0 e-flex e-con-boxed lakit-col-width-auto-no e-container e-root-container elementor-top-section e-con e-parent\" data-id=\"4f8a8e0\" data-element_type=\"container\" data-settings=\"{&quot;background_background&quot;:&quot;classic&quot;,&quot;background_motion_fx_motion_fx_scrolling&quot;:&quot;yes&quot;,&quot;background_motion_fx_translateY_effect&quot;:&quot;yes&quot;,&quot;background_motion_fx_translateY_speed&quot;:{&quot;unit&quot;:&quot;px&quot;,&quot;size&quot;:4,&quot;sizes&quot;:[]},&quot;background_motion_fx_translateY_affectedRange&quot;:{&quot;unit&quot;:&quot;%&quot;,&quot;size&quot;:&quot;&quot;,&quot;sizes&quot;:{&quot;start&quot;:0,&quot;end&quot;:100}},&quot;background_motion_fx_devices&quot;:[&quot;desktop&quot;,&quot;tablet&quot;,&quot;mobile&quot;]}\">\n\t\t\t\t\t<div class=\"e-con-inner\">\n\t\t\t\t<div class=\"elementor-element elementor-element-5672004 lakit-breadcrumbs-page-title-yes lakit-breadcrumbs-align-center elementor-widget lastudio-kit elementor-lakit-breadcrumbs\" data-id=\"5672004\" data-element_type=\"widget\" data-settings=\"{&quot;ekit_we_effect_on&quot;:&quot;none&quot;}\" data-widget_type=\"lakit-breadcrumbs.default\">\n\t\t\t\t\t\n\t\t<div class=\"lakit-breadcrumbs\">\n\t\t<div class=\"lakit-breadcrumbs__content\">\n\t\t<div class=\"lakit-breadcrumbs__wrap\"><div class=\"lakit-breadcrumbs__item\"><a href=\"https:\/\/altalinhamoveis.com.br\/new\/\" class=\"lakit-breadcrumbs__item-link is-home\" rel=\"home\" title=\"Home\">Home<\/a><\/div>\n\t\t<\/div>\n\t\t<\/div>\n\t\t<\/div>\t\t\t\t<\/div>\n\t\t\t\t\t<\/div>\n\t\t\t\t<\/div>\n\t\t<div class=\"elementor-element elementor-element-05605df e-flex e-con-boxed lakit-col-width-auto-no e-container e-root-container elementor-top-section e-con e-parent\" data-id=\"05605df\" data-element_type=\"container\">\n\t\t\t\t\t<div class=\"e-con-inner\">\n\t\t\t\t<div class=\"elementor-element elementor-element-bdbeb44 elementor-view-default elementor-widget elementor-widget-icon\" data-id=\"bdbeb44\" data-element_type=\"widget\" data-settings=\"{&quot;ekit_we_effect_on&quot;:&quot;none&quot;}\" data-widget_type=\"icon.default\">\n\t\t\t\t<div class=\"elementor-widget-container\">\n\t\t\t\t\t\t\t<div class=\"elementor-icon-wrapper\">\n\t\t\t<div class=\"elementor-icon\">\n\t\t\t<svg xmlns=\"http:\/\/www.w3.org\/2000\/svg\" width=\"1024\" height=\"1024\" viewBox=\"0 0 1024 1024\" class=\"lakit-font-icon-svg\" data-icon-name=\"ui-3_chat-46\" data-icon-type=\"dlicon\"><path d=\"M992 256H832V64c0-17.696-14.304-32-32-32H32C14.304 32 0 46.304 0 64v544c0 17.696 14.304 32 32 32h128v192a31.915 31.915 0 0 0 18.784 29.12c4.224 1.952 8.736 2.88 13.216 2.88 7.584 0 15.136-2.72 21.056-7.904L460.032 640H800c17.696 0 32-14.304 32-32V320h128v416h-96c-17.696 0-32 14.304-32 32v97.824l-173.408-123.84C653.184 738.08 646.656 736 640 736H448c-17.696 0-32 14.304-32 32s14.304 32 32 32h181.76l215.648 154.016c5.536 4 12.032 5.984 18.592 5.984 4.992 0 10.016-1.184 14.656-3.52A32.039 32.039 0 0 0 896 928V800h96c17.696 0 32-14.304 32-32V288c0-17.696-14.304-32-32-32zM768 576H448c-7.744 0-15.264 2.816-21.056 7.904L224 761.472V608c0-17.696-14.304-32-32-32H64V96h704v480z\" fill=\"currentColor\"\/><\/svg>\t\t\t<\/div>\n\t\t<\/div>\n\t\t\t\t\t\t<\/div>\n\t\t\t\t<\/div>\n\t\t\t\t<div class=\"elementor-element elementor-element-9dc5b0d elementor-widget elementor-widget-heading\" data-id=\"9dc5b0d\" data-element_type=\"widget\" data-settings=\"{&quot;ekit_we_effect_on&quot;:&quot;none&quot;}\" data-widget_type=\"heading.default\">\n\t\t\t\t<div class=\"elementor-widget-container\">\n\t\t\t\t\t<h2 class=\"elementor-heading-title elementor-size-default\">DIFERENCIAIS E VANTAGENS<\/h2>\t\t\t\t<\/div>\n\t\t\t\t<\/div>\n\t\t<div class=\"elementor-element elementor-element-423d103 e-con-full e-flex lakit-col-width-auto-no e-container e-con e-child\" data-id=\"423d103\" data-element_type=\"container\">\n\t\t\t\t<div class=\"elementor-element elementor-element-80f8cb2 accordion-close-all elementor-widget__width-initial elementor-widget elementor-widget-accordion\" data-id=\"80f8cb2\" data-element_type=\"widget\" data-settings=\"{&quot;ekit_we_effect_on&quot;:&quot;none&quot;}\" data-widget_type=\"accordion.default\">\n\t\t\t\t<div class=\"elementor-widget-container\">\n\t\t\t\t\t\t\t<div class=\"elementor-accordion\">\n\t\t\t\t\t\t\t<div class=\"elementor-accordion-item\">\n\t\t\t\t\t<div id=\"elementor-tab-title-1351\" class=\"elementor-tab-title\" data-tab=\"1\" role=\"button\" aria-controls=\"elementor-tab-content-1351\" aria-expanded=\"false\">\n\t\t\t\t\t\t\t\t\t\t\t\t\t<span class=\"elementor-accordion-icon elementor-accordion-icon-right\" aria-hidden=\"true\">\n\t\t\t\t\t\t\t\t\t\t\t\t\t\t\t<span class=\"elementor-accordion-icon-closed\"><svg xmlns=\"http:\/\/www.w3.org\/2000\/svg\" width=\"300\" height=\"300\" viewBox=\"0 0 300 300\" class=\"lakit-font-icon-svg\" data-icon-name=\"down-arrow\" data-icon-type=\"LaStudioIcons\"><path d=\"M150 225c-3.3 0-6.3-1.2-8.7-3.6L7.2 87.6l17.7-17.7L150 194.7 275.1 69.9l17.7 17.7L159 221.4c-2.7 2.4-5.7 3.6-9 3.6z\" fill=\"currentColor\"\/><\/svg><\/span>\n\t\t\t\t\t\t\t\t<span class=\"elementor-accordion-icon-opened\"><svg xmlns=\"http:\/\/www.w3.org\/2000\/svg\" width=\"300\" height=\"300\" viewBox=\"0 0 300 300\" class=\"lakit-font-icon-svg\" data-icon-name=\"up-arrow\" data-icon-type=\"LaStudioIcons\"><path d=\"M275.1 230.1L150 105.3 24.9 230.1 7.2 212.4 141.3 78.6c4.8-4.8 12.6-4.8 17.7 0l133.8 133.8-17.7 17.7z\" fill=\"currentColor\"\/><\/svg><\/span>\n\t\t\t\t\t\t\t\t\t\t\t\t\t\t<\/span>\n\t\t\t\t\t\t\t\t\t\t\t\t<a class=\"elementor-accordion-title\" tabindex=\"0\">Profissionais preparados<\/a>\n\t\t\t\t\t<\/div>\n\t\t\t\t\t<div id=\"elementor-tab-content-1351\" class=\"elementor-tab-content elementor-clearfix\" data-tab=\"1\" role=\"region\" aria-labelledby=\"elementor-tab-title-1351\"><p>Nossos consultores s\u00e3o preparados para entender e atender voc\u00ea da melhor forma<\/p><\/div>\n\t\t\t\t<\/div>\n\t\t\t\t\t\t\t<div class=\"elementor-accordion-item\">\n\t\t\t\t\t<div id=\"elementor-tab-title-1352\" class=\"elementor-tab-title\" data-tab=\"2\" role=\"button\" aria-controls=\"elementor-tab-content-1352\" aria-expanded=\"false\">\n\t\t\t\t\t\t\t\t\t\t\t\t\t<span class=\"elementor-accordion-icon elementor-accordion-icon-right\" aria-hidden=\"true\">\n\t\t\t\t\t\t\t\t\t\t\t\t\t\t\t<span class=\"elementor-accordion-icon-closed\"><svg xmlns=\"http:\/\/www.w3.org\/2000\/svg\" width=\"300\" height=\"300\" viewBox=\"0 0 300 300\" class=\"lakit-font-icon-svg\" data-icon-name=\"down-arrow\" data-icon-type=\"LaStudioIcons\"><path d=\"M150 225c-3.3 0-6.3-1.2-8.7-3.6L7.2 87.6l17.7-17.7L150 194.7 275.1 69.9l17.7 17.7L159 221.4c-2.7 2.4-5.7 3.6-9 3.6z\" fill=\"currentColor\"\/><\/svg><\/span>\n\t\t\t\t\t\t\t\t<span class=\"elementor-accordion-icon-opened\"><svg xmlns=\"http:\/\/www.w3.org\/2000\/svg\" width=\"300\" height=\"300\" viewBox=\"0 0 300 300\" class=\"lakit-font-icon-svg\" data-icon-name=\"up-arrow\" data-icon-type=\"LaStudioIcons\"><path d=\"M275.1 230.1L150 105.3 24.9 230.1 7.2 212.4 141.3 78.6c4.8-4.8 12.6-4.8 17.7 0l133.8 133.8-17.7 17.7z\" fill=\"currentColor\"\/><\/svg><\/span>\n\t\t\t\t\t\t\t\t\t\t\t\t\t\t<\/span>\n\t\t\t\t\t\t\t\t\t\t\t\t<a class=\"elementor-accordion-title\" tabindex=\"0\">Projeto em 3D<\/a>\n\t\t\t\t\t<\/div>\n\t\t\t\t\t<div id=\"elementor-tab-content-1352\" class=\"elementor-tab-content elementor-clearfix\" data-tab=\"2\" role=\"region\" aria-labelledby=\"elementor-tab-title-1352\"><p>Todos nossos or\u00e7amentos contam com o Projeto em 3D para todos os ambientes, facilitando assim a visualiza\u00e7\u00e3o de como ser\u00e1 depois de executado.<\/p><\/div>\n\t\t\t\t<\/div>\n\t\t\t\t\t\t\t<div class=\"elementor-accordion-item\">\n\t\t\t\t\t<div id=\"elementor-tab-title-1353\" class=\"elementor-tab-title\" data-tab=\"3\" role=\"button\" aria-controls=\"elementor-tab-content-1353\" aria-expanded=\"false\">\n\t\t\t\t\t\t\t\t\t\t\t\t\t<span class=\"elementor-accordion-icon elementor-accordion-icon-right\" aria-hidden=\"true\">\n\t\t\t\t\t\t\t\t\t\t\t\t\t\t\t<span class=\"elementor-accordion-icon-closed\"><svg xmlns=\"http:\/\/www.w3.org\/2000\/svg\" width=\"300\" height=\"300\" viewBox=\"0 0 300 300\" class=\"lakit-font-icon-svg\" data-icon-name=\"down-arrow\" data-icon-type=\"LaStudioIcons\"><path d=\"M150 225c-3.3 0-6.3-1.2-8.7-3.6L7.2 87.6l17.7-17.7L150 194.7 275.1 69.9l17.7 17.7L159 221.4c-2.7 2.4-5.7 3.6-9 3.6z\" fill=\"currentColor\"\/><\/svg><\/span>\n\t\t\t\t\t\t\t\t<span class=\"elementor-accordion-icon-opened\"><svg xmlns=\"http:\/\/www.w3.org\/2000\/svg\" width=\"300\" height=\"300\" viewBox=\"0 0 300 300\" class=\"lakit-font-icon-svg\" data-icon-name=\"up-arrow\" data-icon-type=\"LaStudioIcons\"><path d=\"M275.1 230.1L150 105.3 24.9 230.1 7.2 212.4 141.3 78.6c4.8-4.8 12.6-4.8 17.7 0l133.8 133.8-17.7 17.7z\" fill=\"currentColor\"\/><\/svg><\/span>\n\t\t\t\t\t\t\t\t\t\t\t\t\t\t<\/span>\n\t\t\t\t\t\t\t\t\t\t\t\t<a class=\"elementor-accordion-title\" tabindex=\"0\">MDF e Variedade<\/a>\n\t\t\t\t\t<\/div>\n\t\t\t\t\t<div id=\"elementor-tab-content-1353\" class=\"elementor-tab-content elementor-clearfix\" data-tab=\"3\" role=\"region\" aria-labelledby=\"elementor-tab-title-1353\"><p>Utilizamos MDF da mais alta qualidade, garantindo assim longevidade a seus m\u00f3veis planejados. Materiais de alta qualidade com grande variedade de cores e texturas.<\/p><\/div>\n\t\t\t\t<\/div>\n\t\t\t\t\t\t\t<div class=\"elementor-accordion-item\">\n\t\t\t\t\t<div id=\"elementor-tab-title-1354\" class=\"elementor-tab-title\" data-tab=\"4\" role=\"button\" aria-controls=\"elementor-tab-content-1354\" aria-expanded=\"false\">\n\t\t\t\t\t\t\t\t\t\t\t\t\t<span class=\"elementor-accordion-icon elementor-accordion-icon-right\" aria-hidden=\"true\">\n\t\t\t\t\t\t\t\t\t\t\t\t\t\t\t<span class=\"elementor-accordion-icon-closed\"><svg xmlns=\"http:\/\/www.w3.org\/2000\/svg\" width=\"300\" height=\"300\" viewBox=\"0 0 300 300\" class=\"lakit-font-icon-svg\" data-icon-name=\"down-arrow\" data-icon-type=\"LaStudioIcons\"><path d=\"M150 225c-3.3 0-6.3-1.2-8.7-3.6L7.2 87.6l17.7-17.7L150 194.7 275.1 69.9l17.7 17.7L159 221.4c-2.7 2.4-5.7 3.6-9 3.6z\" fill=\"currentColor\"\/><\/svg><\/span>\n\t\t\t\t\t\t\t\t<span class=\"elementor-accordion-icon-opened\"><svg xmlns=\"http:\/\/www.w3.org\/2000\/svg\" width=\"300\" height=\"300\" viewBox=\"0 0 300 300\" class=\"lakit-font-icon-svg\" data-icon-name=\"up-arrow\" data-icon-type=\"LaStudioIcons\"><path d=\"M275.1 230.1L150 105.3 24.9 230.1 7.2 212.4 141.3 78.6c4.8-4.8 12.6-4.8 17.7 0l133.8 133.8-17.7 17.7z\" fill=\"currentColor\"\/><\/svg><\/span>\n\t\t\t\t\t\t\t\t\t\t\t\t\t\t<\/span>\n\t\t\t\t\t\t\t\t\t\t\t\t<a class=\"elementor-accordion-title\" tabindex=\"0\">Entrega e Garantia<\/a>\n\t\t\t\t\t<\/div>\n\t\t\t\t\t<div id=\"elementor-tab-content-1354\" class=\"elementor-tab-content elementor-clearfix\" data-tab=\"4\" role=\"region\" aria-labelledby=\"elementor-tab-title-1354\"><p>Entrega r\u00e1pida e montagem pr\u00f3pria com equipe t\u00e9cnica. Al\u00e9m disso, todos os nossos m\u00f3veis contam com Garantia e assist\u00eancia t\u00e9cnica.<\/p><\/div>\n\t\t\t\t<\/div>\n\t\t\t\t\t\t\t\t<\/div>\n\t\t\t\t\t\t<\/div>\n\t\t\t\t<\/div>\n\t\t\t\t<div class=\"elementor-element elementor-element-e70605f accordion-close-all elementor-widget__width-initial elementor-widget elementor-widget-accordion\" data-id=\"e70605f\" data-element_type=\"widget\" data-settings=\"{&quot;ekit_we_effect_on&quot;:&quot;none&quot;}\" data-widget_type=\"accordion.default\">\n\t\t\t\t<div class=\"elementor-widget-container\">\n\t\t\t\t\t\t\t<div class=\"elementor-accordion\">\n\t\t\t\t\t\t\t<div class=\"elementor-accordion-item\">\n\t\t\t\t\t<div id=\"elementor-tab-title-2421\" class=\"elementor-tab-title\" data-tab=\"1\" role=\"button\" aria-controls=\"elementor-tab-content-2421\" aria-expanded=\"false\">\n\t\t\t\t\t\t\t\t\t\t\t\t\t<span class=\"elementor-accordion-icon elementor-accordion-icon-right\" aria-hidden=\"true\">\n\t\t\t\t\t\t\t\t\t\t\t\t\t\t\t<span class=\"elementor-accordion-icon-closed\"><svg xmlns=\"http:\/\/www.w3.org\/2000\/svg\" width=\"300\" height=\"300\" viewBox=\"0 0 300 300\" class=\"lakit-font-icon-svg\" data-icon-name=\"down-arrow\" data-icon-type=\"LaStudioIcons\"><path d=\"M150 225c-3.3 0-6.3-1.2-8.7-3.6L7.2 87.6l17.7-17.7L150 194.7 275.1 69.9l17.7 17.7L159 221.4c-2.7 2.4-5.7 3.6-9 3.6z\" fill=\"currentColor\"\/><\/svg><\/span>\n\t\t\t\t\t\t\t\t<span class=\"elementor-accordion-icon-opened\"><svg xmlns=\"http:\/\/www.w3.org\/2000\/svg\" width=\"300\" height=\"300\" viewBox=\"0 0 300 300\" class=\"lakit-font-icon-svg\" data-icon-name=\"up-arrow\" data-icon-type=\"LaStudioIcons\"><path d=\"M275.1 230.1L150 105.3 24.9 230.1 7.2 212.4 141.3 78.6c4.8-4.8 12.6-4.8 17.7 0l133.8 133.8-17.7 17.7z\" fill=\"currentColor\"\/><\/svg><\/span>\n\t\t\t\t\t\t\t\t\t\t\t\t\t\t<\/span>\n\t\t\t\t\t\t\t\t\t\t\t\t<a class=\"elementor-accordion-title\" tabindex=\"0\">Atendimento Exclusivo e Agendado<\/a>\n\t\t\t\t\t<\/div>\n\t\t\t\t\t<div id=\"elementor-tab-content-2421\" class=\"elementor-tab-content elementor-clearfix\" data-tab=\"1\" role=\"region\" aria-labelledby=\"elementor-tab-title-2421\"><p>Sabemos que o seu tempo \u00e9 valioso, por isso nosso atendimento \u00e9 agendado, nos hor\u00e1rios que melhor se encaixam com sua rotina.\u00a0<\/p><\/div>\n\t\t\t\t<\/div>\n\t\t\t\t\t\t\t<div class=\"elementor-accordion-item\">\n\t\t\t\t\t<div id=\"elementor-tab-title-2422\" class=\"elementor-tab-title\" data-tab=\"2\" role=\"button\" aria-controls=\"elementor-tab-content-2422\" aria-expanded=\"false\">\n\t\t\t\t\t\t\t\t\t\t\t\t\t<span class=\"elementor-accordion-icon elementor-accordion-icon-right\" aria-hidden=\"true\">\n\t\t\t\t\t\t\t\t\t\t\t\t\t\t\t<span class=\"elementor-accordion-icon-closed\"><svg xmlns=\"http:\/\/www.w3.org\/2000\/svg\" width=\"300\" height=\"300\" viewBox=\"0 0 300 300\" class=\"lakit-font-icon-svg\" data-icon-name=\"down-arrow\" data-icon-type=\"LaStudioIcons\"><path d=\"M150 225c-3.3 0-6.3-1.2-8.7-3.6L7.2 87.6l17.7-17.7L150 194.7 275.1 69.9l17.7 17.7L159 221.4c-2.7 2.4-5.7 3.6-9 3.6z\" fill=\"currentColor\"\/><\/svg><\/span>\n\t\t\t\t\t\t\t\t<span class=\"elementor-accordion-icon-opened\"><svg xmlns=\"http:\/\/www.w3.org\/2000\/svg\" width=\"300\" height=\"300\" viewBox=\"0 0 300 300\" class=\"lakit-font-icon-svg\" data-icon-name=\"up-arrow\" data-icon-type=\"LaStudioIcons\"><path d=\"M275.1 230.1L150 105.3 24.9 230.1 7.2 212.4 141.3 78.6c4.8-4.8 12.6-4.8 17.7 0l133.8 133.8-17.7 17.7z\" fill=\"currentColor\"\/><\/svg><\/span>\n\t\t\t\t\t\t\t\t\t\t\t\t\t\t<\/span>\n\t\t\t\t\t\t\t\t\t\t\t\t<a class=\"elementor-accordion-title\" tabindex=\"0\">Montadores Pr\u00f3prios<\/a>\n\t\t\t\t\t<\/div>\n\t\t\t\t\t<div id=\"elementor-tab-content-2422\" class=\"elementor-tab-content elementor-clearfix\" data-tab=\"2\" role=\"region\" aria-labelledby=\"elementor-tab-title-2422\"><p>Nossos montadores s\u00e3o pr\u00f3prios, o que facilita a montagem, tornando-a r\u00e1pida e segura. N\u00e3o contamos com terceiros para atividades fim, garantindo ainda mais qualidade.<\/p><\/div>\n\t\t\t\t<\/div>\n\t\t\t\t\t\t\t<div class=\"elementor-accordion-item\">\n\t\t\t\t\t<div id=\"elementor-tab-title-2423\" class=\"elementor-tab-title\" data-tab=\"3\" role=\"button\" aria-controls=\"elementor-tab-content-2423\" aria-expanded=\"false\">\n\t\t\t\t\t\t\t\t\t\t\t\t\t<span class=\"elementor-accordion-icon elementor-accordion-icon-right\" aria-hidden=\"true\">\n\t\t\t\t\t\t\t\t\t\t\t\t\t\t\t<span class=\"elementor-accordion-icon-closed\"><svg xmlns=\"http:\/\/www.w3.org\/2000\/svg\" width=\"300\" height=\"300\" viewBox=\"0 0 300 300\" class=\"lakit-font-icon-svg\" data-icon-name=\"down-arrow\" data-icon-type=\"LaStudioIcons\"><path d=\"M150 225c-3.3 0-6.3-1.2-8.7-3.6L7.2 87.6l17.7-17.7L150 194.7 275.1 69.9l17.7 17.7L159 221.4c-2.7 2.4-5.7 3.6-9 3.6z\" fill=\"currentColor\"\/><\/svg><\/span>\n\t\t\t\t\t\t\t\t<span class=\"elementor-accordion-icon-opened\"><svg xmlns=\"http:\/\/www.w3.org\/2000\/svg\" width=\"300\" height=\"300\" viewBox=\"0 0 300 300\" class=\"lakit-font-icon-svg\" data-icon-name=\"up-arrow\" data-icon-type=\"LaStudioIcons\"><path d=\"M275.1 230.1L150 105.3 24.9 230.1 7.2 212.4 141.3 78.6c4.8-4.8 12.6-4.8 17.7 0l133.8 133.8-17.7 17.7z\" fill=\"currentColor\"\/><\/svg><\/span>\n\t\t\t\t\t\t\t\t\t\t\t\t\t\t<\/span>\n\t\t\t\t\t\t\t\t\t\t\t\t<a class=\"elementor-accordion-title\" tabindex=\"0\">Decora\u00e7\u00e3o<\/a>\n\t\t\t\t\t<\/div>\n\t\t\t\t\t<div id=\"elementor-tab-content-2423\" class=\"elementor-tab-content elementor-clearfix\" data-tab=\"3\" role=\"region\" aria-labelledby=\"elementor-tab-title-2423\"><p>Al\u00e9m de planejados, temos m\u00f3veis e decora\u00e7\u00f5es em nosso show room, o que facilita a mobilia do seu lar. Conte com a expertise de design dos nossos consultores para te auxiliar a combinar, sempre com bom gosto.<\/p><\/div>\n\t\t\t\t<\/div>\n\t\t\t\t\t\t\t<div class=\"elementor-accordion-item\">\n\t\t\t\t\t<div id=\"elementor-tab-title-2424\" class=\"elementor-tab-title\" data-tab=\"4\" role=\"button\" aria-controls=\"elementor-tab-content-2424\" aria-expanded=\"false\">\n\t\t\t\t\t\t\t\t\t\t\t\t\t<span class=\"elementor-accordion-icon elementor-accordion-icon-right\" aria-hidden=\"true\">\n\t\t\t\t\t\t\t\t\t\t\t\t\t\t\t<span class=\"elementor-accordion-icon-closed\"><svg xmlns=\"http:\/\/www.w3.org\/2000\/svg\" width=\"300\" height=\"300\" viewBox=\"0 0 300 300\" class=\"lakit-font-icon-svg\" data-icon-name=\"down-arrow\" data-icon-type=\"LaStudioIcons\"><path d=\"M150 225c-3.3 0-6.3-1.2-8.7-3.6L7.2 87.6l17.7-17.7L150 194.7 275.1 69.9l17.7 17.7L159 221.4c-2.7 2.4-5.7 3.6-9 3.6z\" fill=\"currentColor\"\/><\/svg><\/span>\n\t\t\t\t\t\t\t\t<span class=\"elementor-accordion-icon-opened\"><svg xmlns=\"http:\/\/www.w3.org\/2000\/svg\" width=\"300\" height=\"300\" viewBox=\"0 0 300 300\" class=\"lakit-font-icon-svg\" data-icon-name=\"up-arrow\" data-icon-type=\"LaStudioIcons\"><path d=\"M275.1 230.1L150 105.3 24.9 230.1 7.2 212.4 141.3 78.6c4.8-4.8 12.6-4.8 17.7 0l133.8 133.8-17.7 17.7z\" fill=\"currentColor\"\/><\/svg><\/span>\n\t\t\t\t\t\t\t\t\t\t\t\t\t\t<\/span>\n\t\t\t\t\t\t\t\t\t\t\t\t<a class=\"elementor-accordion-title\" tabindex=\"0\">Showroom Amplo<\/a>\n\t\t\t\t\t<\/div>\n\t\t\t\t\t<div id=\"elementor-tab-content-2424\" class=\"elementor-tab-content elementor-clearfix\" data-tab=\"4\" role=\"region\" aria-labelledby=\"elementor-tab-title-2424\"><p>Somos a maior loja de m\u00f3veis e decora\u00e7\u00f5es de Sorocaba-SP. Voc\u00ea encontra diversos ambientes, alta qualidade em decora\u00e7\u00e3o tudo em um lugar.<\/p><\/div>\n\t\t\t\t<\/div>\n\t\t\t\t\t\t\t\t<\/div>\n\t\t\t\t\t\t<\/div>\n\t\t\t\t<\/div>\n\t\t\t\t<\/div>\n\t\t\t\t\t<\/div>\n\t\t\t\t<\/div>\n\t\t\t\t<\/div>\n\t\t","protected":false},"excerpt":{"rendered":"<p>Home DIFERENCIAIS E VANTAGENS Profissionais preparados Nossos consultores s\u00e3o preparados para entender e atender voc\u00ea da melhor forma Projeto em 3D Todos nossos or\u00e7amentos contam com o Projeto em 3D para todos os ambientes, facilitando assim a visualiza\u00e7\u00e3o de como ser\u00e1 depois de executado. MDF e Variedade Utilizamos MDF da mais alta qualidade, garantindo assim [&hellip;]<\/p>\n","protected":false},"author":1,"featured_media":0,"parent":0,"menu_order":0,"comment_status":"closed","ping_status":"closed","template":"","meta":{"footnotes":""},"class_list":["post-1688","page","type-page","status-publish","hentry"],"_links":{"self":[{"href":"https:\/\/altalinhamoveis.com.br\/new\/wp-json\/wp\/v2\/pages\/1688","targetHints":{"allow":["GET"]}}],"collection":[{"href":"https:\/\/altalinhamoveis.com.br\/new\/wp-json\/wp\/v2\/pages"}],"about":[{"href":"https:\/\/altalinhamoveis.com.br\/new\/wp-json\/wp\/v2\/types\/page"}],"author":[{"embeddable":true,"href":"https:\/\/altalinhamoveis.com.br\/new\/wp-json\/wp\/v2\/users\/1"}],"replies":[{"embeddable":true,"href":"https:\/\/altalinhamoveis.com.br\/new\/wp-json\/wp\/v2\/comments?post=1688"}],"version-history":[{"count":9,"href":"https:\/\/altalinhamoveis.com.br\/new\/wp-json\/wp\/v2\/pages\/1688\/revisions"}],"predecessor-version":[{"id":4395,"href":"https:\/\/altalinhamoveis.com.br\/new\/wp-json\/wp\/v2\/pages\/1688\/revisions\/4395"}],"wp:attachment":[{"href":"https:\/\/altalinhamoveis.com.br\/new\/wp-json\/wp\/v2\/media?parent=1688"}],"curies":[{"name":"wp","href":"https:\/\/api.w.org\/{rel}","templated":true}]}}